{"id":484,"date":"2020-04-04T08:26:42","date_gmt":"2020-04-04T06:26:42","guid":{"rendered":"https:\/\/investiga.puenteromano.net\/?page_id=484"},"modified":"2022-02-26T11:15:50","modified_gmt":"2022-02-26T10:15:50","slug":"ayuda","status":"publish","type":"page","link":"https:\/\/investiga.puenteromano.net\/index.php\/ayuda\/","title":{"rendered":"Ayuda"},"content":{"rendered":"\n<h4 class=\"wp-block-heading\">Micromanual para editar contenido<\/h4>\n\n\n\n<div class=\"wp-block-buttons is-layout-flex wp-block-buttons-is-layout-flex\">\n<div class=\"wp-block-button\"><a class=\"wp-block-button__link\" href=\"https:\/\/investiga.puenteromano.net\/wp-content\/uploads\/2022\/02\/Micromanual-para-Entradas-en-WP-26.feb_.2022.pdf\">Descargar el micromanual en PDF<\/a><\/div>\n\n\n\n<div class=\"wp-block-button is-style-fill\"><a class=\"wp-block-button__link has-vivid-purple-background-color has-background\" href=\"https:\/\/investiga.puenteromano.net\/index.php\/ayuda-con-divi-builder\/\">Editar con Divi builder (avanzado)<\/a><\/div>\n<\/div>\n\n\n\n<p><strong>MICROMANUAL PARA SUBIR CONTENIDOS CON PLANTILLA. Versi\u00f3n 1<\/strong><\/p>\n\n\n\n<p>Word Press es el editor de contenido que empleamos.<\/p>\n\n\n\n<p><strong>Pasos<\/strong>:<\/p>\n\n\n\n<p>1\u00ba. Entrar al sitio web como visitante: <strong>https:\/\/investiga.puenteromano.net <\/strong>Cualquier persona puede visitar la web y los contenidos publicados, por lo que hay que ser muy cuidadosos con lo que se escribe y publica.<\/p>\n\n\n\n<p>2\u00ba Enlace para editar: <strong>https:\/\/investiga.puenteromano.net\/wp-login<\/strong><\/p>\n\n\n\n<p>Antes de poder entrar para editar teen\u00e9is que estar dados de alta por el profesor, que os asignar\u00e1 un:<\/p>\n\n\n\n<ul class=\"wp-block-list\"><li><strong>Usuario<\/strong><\/li><li><strong>Contrase\u00f1a<\/strong><\/li><li>El profesor os asignar\u00e1 el perfil de \u201cautor\u201d para que pod\u00e1is publicar contenido<\/li><\/ul>\n\n\n\n<p>El <strong>Autor<\/strong> puede:<\/p>\n\n\n\n<ul class=\"wp-block-list\"><li>\u201cpublicar\u201d o subir \u201c<strong>Entradas<\/strong>\u201d (peque\u00f1as publicaciones)<\/li><li>subir \u201c<strong>Medios<\/strong>\u201d (im\u00e1genes, videos, audios, PDFs, Power Points\u2026)<\/li><\/ul>\n\n\n\n<p>OJO: si se publica una imagen o texto hay que estar seguros de que est\u00e1 libre de derechos o que es nuestra, propia. Otra cosa es enlazar nuestra \u201centrada\u201d a otros sitios web, aunque hay que ser cuidadosos con los enlaces: no se puede reenviar a nadie a sitios inadecuados).<\/p>\n\n\n\n<p><strong>C\u00f3mo editar, actualizar o publicar contenidos.<\/strong><\/p>\n\n\n\n<p>Para editar hay que entrar como autor, no como visitante simple. Hay que conocer nuestro <strong>Nombre de usuario y contrase\u00f1a<\/strong> para ello. El administrador de la web (el profesor en este caso) es quien da de alta a los nuevos usuarios.&nbsp;<\/p>\n\n\n\n<p>Para entrar a editar contenido en cualquier p\u00e1gina de Word Press, hay que seguir esta ruta<\/p>\n\n\n\n<p><strong>https:\/\/investiga.puenteromano.net\/wp-login<\/strong>, tecleado arriba, en la barra de direcciones.<\/p>\n\n\n\n<p>Una vez dentro del editor aparece una banda negra a la izquierda (el escritorio), otra peque\u00f1a banda negra arriba del todo, donde se repite alguna de las herramientas del Escritorio, y el lienzo central, donde van apareciendo bien los contenidos que editamos o bien las tareas que estamos realizando.<\/p>\n\n\n\n<p>En el <strong>Escritorio<\/strong>, la banda negra a la izquierda de la pantalla, con varios espacios, figuran las dos pesta\u00f1as que m\u00e1s vais a emplear:<\/p>\n\n\n\n<ul class=\"wp-block-list\"><li><strong>Entradas<\/strong>: que es lo que vais a emplear para editar contenido.<\/li><li><strong>Medios<\/strong>: para subir im\u00e1genes, videos, PDFs o Power Points.<\/li><li><strong>Comentarios<\/strong>. No trabajaremos con ellos. Los vamos a desactivar (se explica m\u00e1s abajo)<\/li><\/ul>\n\n\n\n<p>_____________________<\/p>\n\n\n\n<p><strong>Trabajando con Entradas (paso a paso):<\/strong><\/p>\n\n\n\n<ol class=\"wp-block-list\"><li>Teclear en la barra de direcciones:<strong> https:\/\/investiga.puenteromano.net\/wp-login<\/strong><\/li><li><strong>Escritorio<\/strong><\/li><li><strong>Entradas\/A\u00f1adir nueva<\/strong>. Se abre un lienzo limpio, para editar, con una barra de herramientas arriba, muy sencilla, con un signo \u201c+\u201d dentro de un c\u00edrculo, que es el \u00fatil principal de la edici\u00f3n, y a la derecha, un escritorio para aplicarle acciones al documento entero o uno de los bloques. Es el \u201cEscritorio\u201d del art\u00edculo, parecido a la barra de herramientas de un editor. Pero volvamos al espacio principal<\/li><li><strong>Se pone el T\u00edtulo<\/strong> (conviene tenerlo bien pensado, corto, de dos o tres palabras, antes de ponerse a editar. No importa que sea poco preciso, al ser tan corto, pues se puede a\u00f1adir un subt\u00edtulo m\u00e1s peque\u00f1o (H1 es el m\u00e1s grande, H2, H3, H4\u2026) en el siguiente p\u00e1rrafo o encabezado.<\/li><li>Se empieza a editar directamente, como si estuvieseis escribiendo un texto en word. No teng\u00e1is miedo: escribid algo para probar. Conviene probar y comprobar qu\u00e9 se puede hacer con el \u201c+\u201d (dentro del c\u00edrculo) y con los bloques que van apareciendo.<\/li><li>Los Bloques tienen sus propios botones-herramienta. Hay que familiarizarse con ellos poco a poco, as\u00ed como con el tipo de bloque que estamos empleando: <strong>p\u00e1rrafo<\/strong> (el m\u00e1s com\u00fan, el m\u00e1s empleado), <strong>encabezado<\/strong> (con el rango H1, H2, H3, etc, que son los tama\u00f1os de los t\u00edtulos o encabezados), <strong>lista<\/strong> (lista con vi\u00f1etas o n\u00fameros), <strong>imagen<\/strong> (si queremos incrustar una imagen), etc. Hay muchos tipos de bloque, formatos, preformateados o plantillas, etc. De momento, trabajad s\u00f3lo con <strong>encabezados, p\u00e1rrafos, listas e im\u00e1genes<\/strong>.<\/li><li>De vez en cuando, arriba del todo, se hace clic en \u201c<strong>Guardar borrador<\/strong>\u201d. Si hac\u00e9is clic en \u201cPublicar\u201d, no pasa nada: se puede \u201ccambiar a borrador\u201d en cualquier momento.<\/li><li>Conviene explorar el editor y hacer pruebas con los diferentes m\u00f3dulos disponibles: citas, im\u00e1genes, iconos y botones para enlazar, etc\u2026con el fin de ir conociendo el editor.<\/li><li>Tambi\u00e9n de vez en cuando se puede comprobar c\u00f3mo se ver\u00e1 en abierto, en el bot\u00f3n de arriba \u201cVista previa\u201d. \u201cVista previa\u201d abre otra ventana, y deja abierta en el navegador la pesta\u00f1a \u201cEditar entrada\u201d, a la que deb\u00e9is volver para seguir editando, tanto si cerr\u00e1is la Vista previa como si la dej\u00e1is abierta.<\/li><li>De momento no sub\u00e1is a\u00fan im\u00e1genes, aunque a la derecha, fuera del editor, debajo de la fecha y categor\u00edas de la entrada (de momento no las toqu\u00e9is) aparece una pesta\u00f1a que se llama \u201c<strong>Asignar imagen destacada<\/strong>\u201d, que es donde haremos clic posteriormente, para seleccionar la imagen que aparecer\u00e1 sobre la Entrada, y tambi\u00e9n en los res\u00famenes que publicar\u00e1 el profesor cuando todos los trabajos est\u00e9n subidos. A\u00fan no la sub\u00e1is: es preferible tener los medios (im\u00e1genes y dem\u00e1s) subidos o localizados en el ordenador.<\/li><li>Cuando todo est\u00e9 listo, hay que revisar en la barra de la derecha, fuera del espacio de edici\u00f3n, todas las pesta\u00f1as. Empezamos desde arriba del todo, a la derecha, fuera del espacio de escritura, donde encontramos, encima de los nombres <strong>Entrada<\/strong> o <strong>Bloque<\/strong> (que nos dicen si estamos ocup\u00e1ndonos del documento entero (Entrada) o de una parte de \u00e9l (Bloque).<ol><li><strong>Clic<\/strong> en <strong>Entrada<\/strong><\/li><li>Encima de \u201cEntrada\u201d, a la derecha, arriba del todo, encontramos tres pesta\u00f1as: <strong>Guardar borrador, Vista previa o Publicar<\/strong>. De momento, y antes de terminar la edici\u00f3n, haremos clic de vez en cuando, en <strong>Guardar borrador<\/strong>. Si alguien se equivoca y hace clic en \u201cPublicar\u201d no pasa nada: se puede volver a \u201cBorrador\u201d en cualquier momento.<\/li><li><strong>Mover a la papelera<\/strong>. No tocar. Si alguien le da involuntariamente, se puede <strong>Restaurar<\/strong>, entrando en la Papelera, desde el Escritorio\/Entradas: Papelera<\/li><li><strong>Revisiones<\/strong>. Aparece el n\u00famero de revisiones de la publicaci\u00f3n. Permite volver a una edici\u00f3n anterior en el tiempo. Es \u00fatil si se nos ha desconfigurado la publicaci\u00f3n y tampoco podemos hacer clic en \u201cDeshacer\u201d o \u201cVolver\u201d o en Control+Z (el comando deshacer). Pero es mejor no tener que recurrir a una revisi\u00f3n, porque quiz\u00e1 perdamos cambios importantes&nbsp; realizados con posterioridad.<\/li><li><strong>Enlace permanente<\/strong>. Hay varios conceptos aqu\u00ed, pero dejadlos para m\u00e1s adelante. Ahora no se necesitan. La URL es la identidad de vuestro art\u00edculo para localizarlo en el navegador, en su momento, si se publica.<\/li><li><strong>Categor\u00edas<\/strong>. Este apartado es muy importante: ten\u00e9is que buscar la categor\u00eda o categor\u00edas (vuestro art\u00edculo puede estar bajo varias de ellas) bajo las que mejor se encuadra vuestro contenido. Por ejemplo, si alguien est\u00e1 publicando algo sobre una casa, palacio o ermita, buscad la categor\u00eda \u201cArquitectura\u201d. Si alguien est\u00e1 trabajando en una \u201cgaita\u201d antigua, silbato, fuelle o yugo buscad \u201cinstrumentos\u201d. Si no encontr\u00e1is ninguna, dejadla en blanco o proponedle una categor\u00eda nueva al profesor. Los alumnos de H\u00aa de la Filosof\u00eda tienen que seleccionar la categor\u00eda \u00abPensadores\u00bb.<\/li><li><strong>Etiquetas<\/strong>. Dejad en blanco. No vamos a trabajar con ellas.<\/li><li><strong>Imagen destacada<\/strong>. Apartado importante, pues es la imagen que aparecer\u00e1 destacada en dos lugares: en el resumen de la entrada que aparecer\u00e1 en el Blog principal y en la parte superior de vuestro trabajo. Debe ser la mejor imagen o la m\u00e1s significativa. Debe pesar <strong>menos de 1 mega, y se recomienda tambi\u00e9n que pese m\u00e1s de 250 k<\/strong>. Debe estar <strong>correctamente titulada<\/strong> en vuestro ordenador, antes de subirla. Y debe ser vuestra o de un \u00e1lbum de vuestra propiedad o de alguien que os la haya dejado escanear o fotografiar. Si hac\u00e9is clic en \u201cEstablecer imagen destacada\u201d se abre un espacio para arrastrar la imagen desde vuestro ordenador, o para seleccionarla si ya la hab\u00e9is subido con anterioridad. Es muy importante que titul\u00e9is bien la imagen antes de subirla, poniendo el nombre de lo que se ve en ella y el autor abreviado (inicial del nombre y apellido, por ejemplo, para poder localizarla despu\u00e9s, en cualquier momento, pues el sistema la sube a la Biblioteca de Medios, donde se amontonan todas las im\u00e1genes que suben vuestros compa\u00f1eros. En la Biblioteca tambi\u00e9n se puede buscar una imagen por fechas.<\/li><li><strong>Extracto<\/strong>. Dejadlo en blanco, sin activar, no vamos a trabajar con esto.<\/li><li><strong>Comentarios<\/strong>. Importante: <strong>no vamos a trabajar con comentarios. Desactivar las casillas<\/strong> \u201cPermitir comentarios\u201d y \u201cPermitir pingbacks y trackbacks\u201d.<\/li><\/ol><\/li><\/ol>\n\n\n\n<p><strong>________________________<\/strong><\/p>\n\n\n\n<p><strong>Trabajando con \u00abMedios\u00bb.<\/strong><\/p>\n\n\n\n<p><strong>Medios<\/strong>: espacio donde se alojan todas las im\u00e1genes, audios o videos y documentos (en PDF preferiblemente)<\/p>\n\n\n\n<p><strong>Medios\/Biblioteca<\/strong>: muestra todas las im\u00e1genes, videos y audios ya subidos a la web, con la URL a la derecha para poder enlazarlos desde la caja \u201cAsignar imagen destacada\u201d, o lo que es m\u00e1s relevante, desde cualquiera de los campos del art\u00edculo que est\u00e1is editando.<\/p>\n\n\n\n<p><strong>Ruta para subir im\u00e1genes:<\/strong><\/p>\n\n\n\n<p><strong>Escritorio<\/strong><\/p>\n\n\n\n<p><strong>Medios\/A\u00f1adir nuevo: clic para subir archivos desde tu ordenador a la web.<\/strong><\/p>\n\n\n\n<p>OJO: no conviene subir im\u00e1genes de m\u00e1s de 1 mega, porque ralentizan mucho la carga de contenidos. Las im\u00e1genes de m\u00e1s de un mega hay que reducirlas. Sed cuidadosos al realizar las fotos o escaneados: encuadre y enfoque correctos, originalidad, calidad est\u00e9tica, etc.<\/p>\n\n\n\n<p><strong>Videos<\/strong>: Pod\u00e9is embeber o insertar v\u00eddeos, mediante el m\u00f3dulo \u00abV\u00eddeo\u00bb, con tres procedimientos:&nbsp;<\/p>\n\n\n\n<p>1. Pegando en el interior del m\u00f3dulo \u201cVideo\u201d el <strong>c\u00f3digo obtenido en Youtube desde el bot\u00f3n de \u00abCompartir\u00bb<\/strong>. Este es el modo preferente, pues no recarga la p\u00e1gina. Si alguien desea subir un peque\u00f1o video hecho por \u00e9l mismo, puede hacerlo, pero no debe pesar mucho. Los videos que pasan por el filtro del whatsapp suelen ser de poco peso porque el programa los ha comprimido ya. Sin embargo, lo mejor es \u201cembeber\u201d o incrustar videos desde Youtube, si guardan relaci\u00f3n con nuestro tema.<\/p>\n\n\n\n<p>2. Otros modos de subir videos: los <strong>videos propios, si no pesan mucho, se suben primeramente como \u00abmedio<\/strong>\u00ab, en \u00abA\u00f1adir medio\u00bb, y despu\u00e9s se copia la URL en el m\u00f3dulo \u201cvideo\u201d del art\u00edculo, copi\u00e1ndola, una vez subido el video, de la Biblioteca de Medios, e insert\u00e1ndola en el m\u00f3dulo \u00abvideo\u00bb a continuaci\u00f3n.<\/p>\n\n\n\n<p>3. <strong>Con el m\u00f3dulo \u00abC\u00f3digo\u00bb<\/strong> para aquellos videos subidos a Internet que permiten \u00abembeber\u00bb su contenido a trav\u00e9s de c\u00f3digo (no como los de Youtube, que son los m\u00e1s sencillos. En esas webs suele aparecer un bot\u00f3n que sugiere \u00abcopiar c\u00f3digo\u00bb, \u00abinsertar\u00bb o \u201ciframe\u00bb.<\/p>\n\n\n\n<p><strong>Documentos<\/strong>. Se pueden subir documentos en diversos formatos. Algunos no son admitidos por el sistema, pero los PDFs, los Power Points, los videos peque\u00f1os en peso y las im\u00e1genes en JPEG no dan ning\u00fan problema.<\/p>\n\n\n\n<p>__________________________________<\/p>\n\n\n\n<div class=\"wp-block-buttons is-layout-flex wp-block-buttons-is-layout-flex\">\n<div class=\"wp-block-button\"><a class=\"wp-block-button__link has-white-color has-vivid-purple-background-color has-text-color has-background\" href=\"https:\/\/investiga.puenteromano.net\/index.php\/ayuda-con-divi-builder\/\">Para editar con DIVI builder<\/a><\/div>\n<\/div>\n","protected":false},"excerpt":{"rendered":"<p>Micromanual para editar contenido MICROMANUAL PARA SUBIR CONTENIDOS CON PLANTILLA. Versi\u00f3n 1 Word Press es el editor de contenido que empleamos. Pasos: 1\u00ba. Entrar al sitio web como visitante: https:\/\/investiga.puenteromano.net Cualquier persona puede visitar la web y los contenidos publicados, por lo que hay que ser muy cuidadosos con lo que se escribe y publica. [&hellip;]<\/p>\n","protected":false},"author":1,"featured_media":0,"parent":0,"menu_order":0,"comment_status":"closed","ping_status":"closed","template":"","meta":{"_et_pb_use_builder":"","_et_pb_old_content":"","_et_gb_content_width":"","footnotes":""},"class_list":["post-484","page","type-page","status-publish","hentry"],"_links":{"self":[{"href":"https:\/\/investiga.puenteromano.net\/index.php\/wp-json\/wp\/v2\/pages\/484","targetHints":{"allow":["GET"]}}],"collection":[{"href":"https:\/\/investiga.puenteromano.net\/index.php\/wp-json\/wp\/v2\/pages"}],"about":[{"href":"https:\/\/investiga.puenteromano.net\/index.php\/wp-json\/wp\/v2\/types\/page"}],"author":[{"embeddable":true,"href":"https:\/\/investiga.puenteromano.net\/index.php\/wp-json\/wp\/v2\/users\/1"}],"replies":[{"embeddable":true,"href":"https:\/\/investiga.puenteromano.net\/index.php\/wp-json\/wp\/v2\/comments?post=484"}],"version-history":[{"count":18,"href":"https:\/\/investiga.puenteromano.net\/index.php\/wp-json\/wp\/v2\/pages\/484\/revisions"}],"predecessor-version":[{"id":4422,"href":"https:\/\/investiga.puenteromano.net\/index.php\/wp-json\/wp\/v2\/pages\/484\/revisions\/4422"}],"wp:attachment":[{"href":"https:\/\/investiga.puenteromano.net\/index.php\/wp-json\/wp\/v2\/media?parent=484"}],"curies":[{"name":"wp","href":"https:\/\/api.w.org\/{rel}","templated":true}]}}