{"id":4034,"date":"2021-12-21T13:15:18","date_gmt":"2021-12-21T12:15:18","guid":{"rendered":"https:\/\/investiga.puenteromano.net\/?page_id=4034"},"modified":"2024-12-01T19:37:43","modified_gmt":"2024-12-01T18:37:43","slug":"hoja-de-registro","status":"publish","type":"page","link":"https:\/\/investiga.puenteromano.net\/","title":{"rendered":"Hoja de registro"},"content":{"rendered":"<p>[et_pb_section fb_built=\u00bb1&#8243; fullwidth=\u00bbon\u00bb _builder_version=\u00bb4.9.4&#8243; _module_preset=\u00bbdefault\u00bb global_colors_info=\u00bb{}\u00bb][et_pb_fullwidth_header title=\u00bbFilosof\u00eda y Pin\u00bb subhead=\u00bbInvestigaci\u00f3n patrimonial en la confluencia %22naturaleza-cultura%22&#8243; button_one_text=\u00bbFilosof\u00eda de 1\u00ba\u00bb button_one_url=\u00bbhttps:\/\/investiga.puenteromano.net\/index.php\/filosofia-1-investigacion\/\u00bb button_two_text=\u00bbPin de 1\u00ba\u00bb button_two_url=\u00bbhttps:\/\/investiga.puenteromano.net\/index.php\/pin-1o-curso-2024-2025\/\u00bb _builder_version=\u00bb4.14.7&#8243; _module_preset=\u00bbdefault\u00bb background_color=\u00bb#E09900&#8243; custom_button_one=\u00bbon\u00bb button_one_text_color=\u00bb#FFFFFF\u00bb button_one_bg_color=\u00bb#000000&#8243; custom_button_two=\u00bbon\u00bb button_two_text_color=\u00bb#FFFFFF\u00bb button_two_bg_color=\u00bb#000000&#8243; global_colors_info=\u00bb{}\u00bb]<\/p>\n<p>(Todos los grupos de Filosof\u00eda de 1\u00ba y de la optativa Pin 1)<\/p>\n<p>[\/et_pb_fullwidth_header][\/et_pb_section][et_pb_section fb_built=\u00bb1&#8243; _builder_version=\u00bb4.9.4&#8243; _module_preset=\u00bbdefault\u00bb global_colors_info=\u00bb{}\u00bb][et_pb_row _builder_version=\u00bb4.9.4&#8243; _module_preset=\u00bbdefault\u00bb global_colors_info=\u00bb{}\u00bb][et_pb_column type=\u00bb4_4&#8243; _builder_version=\u00bb4.9.4&#8243; _module_preset=\u00bbdefault\u00bb global_colors_info=\u00bb{}\u00bb][et_pb_text _builder_version=\u00bb4.14.7&#8243; _module_preset=\u00bbdefault\u00bb global_colors_info=\u00bb{}\u00bb]<\/p>\n<p>DESCRIPCI\u00d3N. La actividad consiste en identificar y describir, a\u00f1adiendo im\u00e1genes o ilustraciones, un bien patrimonial en el que confluyan en la medida de lo posible las dimensiones naturaleza-cultura que est\u00e1n tan presentes en nuestro entorno.<\/p>\n<p>Se recomienda que el bien o recurso patrimonial no figure entre los que ya se encuentran conocidos o estudiados sobradamente, por su presencia notable. Existen muchos <strong>objetos<\/strong>, <strong>paisajes<\/strong>, <strong>casas<\/strong>, <strong>puentes<\/strong>, <strong>\u00e1rboles singulares<\/strong>, <strong>peque\u00f1os bosques<\/strong>, <strong>relieves<\/strong>, <strong>tramos o pozos de un r\u00edo<\/strong>, <strong>lugares<\/strong>, <strong>narraciones, tradiciones<\/strong>, etc, alrededor de nuestro espacio vital, cargados de valor para las colectividades que los usan o disfrutan; y que no est\u00e1n registrados, identificados, ni resultan accesibles al conocimento de quienes no los frecuentan. A esos \u00abbienes cercanos y de segunda mirada\u00bb va destinada esta b\u00fasqueda.<\/p>\n<p><strong>MUY IMPORTANTE\/OBLIGATORIO<\/strong>: una vez finalizado el trabajo, es imprescindible asignarle la categor\u00eda o categor\u00edas adecuadas.<\/p>\n<ul>\n<li>Para los trabajos de investigaci\u00f3n de <strong>Filosof\u00eda de 1\u00ba<\/strong>, hacer clic en la Categor\u00eda: \u00ab<strong>Filosof\u00eda-2024-25<\/strong>\u00ab.<\/li>\n<li>Para los trabajos de <strong>Pin\u00a0de 1\u00ba<\/strong>, hacer clic en la Categor\u00eda: \u00ab<strong>Pin-2024-25<\/strong>\u00ab.<\/li>\n<\/ul>\n<p>[\/et_pb_text][\/et_pb_column][\/et_pb_row][et_pb_row column_structure=\u00bb1_3,1_3,1_3&#8243; _builder_version=\u00bb4.9.4&#8243; _module_preset=\u00bbdefault\u00bb global_colors_info=\u00bb{}\u00bb][et_pb_column type=\u00bb1_3&#8243; _builder_version=\u00bb4.9.4&#8243; _module_preset=\u00bbdefault\u00bb global_colors_info=\u00bb{}\u00bb][et_pb_cta button_url=\u00bbhttps:\/\/investiga.puenteromano.net\/index.php\/2021\/12\/21\/mueya\/\u00bb button_text=\u00bbEjemplo\u00bb _builder_version=\u00bb4.9.4&#8243; _module_preset=\u00bbdefault\u00bb background_color=\u00bbRGBA(0,0,0,0)\u00bb custom_button=\u00bbon\u00bb button_text_color=\u00bb#FFFFFF\u00bb button_bg_color=\u00bb#E09900&#8243; global_colors_info=\u00bb{}\u00bb][\/et_pb_cta][\/et_pb_column][et_pb_column type=\u00bb1_3&#8243; _builder_version=\u00bb4.9.4&#8243; _module_preset=\u00bbdefault\u00bb global_colors_info=\u00bb{}\u00bb][et_pb_cta button_url=\u00bbhttps:\/\/investiga.puenteromano.net\/wp-login\u00bb button_text=\u00bbEntrar a editar\u00bb _builder_version=\u00bb4.14.7&#8243; _module_preset=\u00bbdefault\u00bb background_color=\u00bbRGBA(0,0,0,0)\u00bb custom_button=\u00bbon\u00bb button_text_color=\u00bb#FFFFFF\u00bb button_bg_color=\u00bb#E09900&#8243; background_layout=\u00bblight\u00bb hover_enabled=\u00bb0&#8243; global_colors_info=\u00bb{}\u00bb sticky_enabled=\u00bb0&#8243;]<\/p>\n<p><strong>OPCIONAL<\/strong>.<\/p>\n<p>(Tiene que darte de alta el profesor)<\/p>\n<p>[\/et_pb_cta][\/et_pb_column][et_pb_column type=\u00bb1_3&#8243; _builder_version=\u00bb4.9.4&#8243; _module_preset=\u00bbdefault\u00bb global_colors_info=\u00bb{}\u00bb][et_pb_cta button_url=\u00bbhttps:\/\/investiga.puenteromano.net\/index.php\/ayuda\/\u00bb button_text=\u00bbTutorial de edici\u00f3n\u00bb _builder_version=\u00bb4.9.4&#8243; _module_preset=\u00bbdefault\u00bb background_color=\u00bbRGBA(0,0,0,0)\u00bb custom_button=\u00bbon\u00bb button_text_color=\u00bb#FFFFFF\u00bb button_bg_color=\u00bb#E09900&#8243; global_colors_info=\u00bb{}\u00bb][\/et_pb_cta][\/et_pb_column][\/et_pb_row][et_pb_row column_structure=\u00bb1_2,1_2&#8243; _builder_version=\u00bb4.9.4&#8243; _module_preset=\u00bbdefault\u00bb global_colors_info=\u00bb{}\u00bb][et_pb_column type=\u00bb1_2&#8243; _builder_version=\u00bb4.9.4&#8243; _module_preset=\u00bbdefault\u00bb global_colors_info=\u00bb{}\u00bb][et_pb_button button_url=\u00bbhttps:\/\/investiga.puenteromano.net\/index.php\/filosofia-1-investigacion\/\u00bb button_text=\u00bbFilosof\u00eda de 1\u00ba\u00bb button_alignment=\u00bbcenter\u00bb _builder_version=\u00bb4.14.7&#8243; _module_preset=\u00bbdefault\u00bb custom_button=\u00bbon\u00bb button_text_color=\u00bb#FFFFFF\u00bb button_bg_color=\u00bb#000000&#8243; global_colors_info=\u00bb{}\u00bb][\/et_pb_button][\/et_pb_column][et_pb_column type=\u00bb1_2&#8243; _builder_version=\u00bb4.9.4&#8243; _module_preset=\u00bbdefault\u00bb global_colors_info=\u00bb{}\u00bb][et_pb_button button_url=\u00bbhttps:\/\/investiga.puenteromano.net\/index.php\/pin-1o-curso-2024-2025\/\u00bb button_text=\u00bbPin de 1\u00ba\u00bb button_alignment=\u00bbcenter\u00bb _builder_version=\u00bb4.14.7&#8243; _module_preset=\u00bbdefault\u00bb custom_button=\u00bbon\u00bb button_text_color=\u00bb#FFFFFF\u00bb button_bg_color=\u00bb#000000&#8243; global_colors_info=\u00bb{}\u00bb][\/et_pb_button][\/et_pb_column][\/et_pb_row][\/et_pb_section]<\/p>\n","protected":false},"excerpt":{"rendered":"<p>(Todos los grupos de Filosof\u00eda de 1\u00ba y de la optativa Pin 1)DESCRIPCI\u00d3N. La actividad consiste en identificar y describir, a\u00f1adiendo im\u00e1genes o ilustraciones, un bien patrimonial en el que confluyan en la medida de lo posible las dimensiones naturaleza-cultura que est\u00e1n tan presentes en nuestro entorno. Se recomienda que el bien o recurso patrimonial [&hellip;]<\/p>\n","protected":false},"author":1,"featured_media":0,"parent":0,"menu_order":0,"comment_status":"closed","ping_status":"closed","template":"","meta":{"_et_pb_use_builder":"on","_et_pb_old_content":"","_et_gb_content_width":"","footnotes":""},"class_list":["post-4034","page","type-page","status-publish","hentry"],"_links":{"self":[{"href":"https:\/\/investiga.puenteromano.net\/index.php\/wp-json\/wp\/v2\/pages\/4034","targetHints":{"allow":["GET"]}}],"collection":[{"href":"https:\/\/investiga.puenteromano.net\/index.php\/wp-json\/wp\/v2\/pages"}],"about":[{"href":"https:\/\/investiga.puenteromano.net\/index.php\/wp-json\/wp\/v2\/types\/page"}],"author":[{"embeddable":true,"href":"https:\/\/investiga.puenteromano.net\/index.php\/wp-json\/wp\/v2\/users\/1"}],"replies":[{"embeddable":true,"href":"https:\/\/investiga.puenteromano.net\/index.php\/wp-json\/wp\/v2\/comments?post=4034"}],"version-history":[{"count":9,"href":"https:\/\/investiga.puenteromano.net\/index.php\/wp-json\/wp\/v2\/pages\/4034\/revisions"}],"predecessor-version":[{"id":11360,"href":"https:\/\/investiga.puenteromano.net\/index.php\/wp-json\/wp\/v2\/pages\/4034\/revisions\/11360"}],"wp:attachment":[{"href":"https:\/\/investiga.puenteromano.net\/index.php\/wp-json\/wp\/v2\/media?parent=4034"}],"curies":[{"name":"wp","href":"https:\/\/api.w.org\/{rel}","templated":true}]}}